{"id":233,"date":"2025-06-21T00:46:54","date_gmt":"2025-06-21T00:46:54","guid":{"rendered":"https:\/\/chefkebab.ca\/?page_id=233"},"modified":"2026-01-27T17:02:36","modified_gmt":"2026-01-27T17:02:36","slug":"our-chefs","status":"publish","type":"page","link":"https:\/\/chefkebab.ca\/fr\/our-chefs\/","title":{"rendered":"Nos Chefs"},"content":{"rendered":"<div class=\"wp-block-group has-global-padding is-layout-constrained wp-block-group-is-layout-constrained\">\n<div class=\"hero-desktop\">\n  \n<\/div>\n\n<div class=\"hero-mobile\">\n  \n<\/div>\n\n<style>\n.hero-desktop {\n  display: block;\n}\n.hero-mobile {\n  display: none;\n}\n\n\/* Tablets & phones *\/\n@media (max-width: 768px) {\n  .hero-desktop {\n    display: none;\n  }\n  .hero-mobile {\n    display: block;\n  }\n}\n<\/style>\n<\/div>\n\n\n\n<div style=\"height:37px\" aria-hidden=\"true\" class=\"wp-block-spacer\"><\/div>\n\n\n\n<p class=\"has-text-align-center has-custom-deep-red-color has-text-color has-link-color has-open-sans-font-family wp-elements-ffe726efa5777cf11783d1b65421da16\" style=\"font-size:clamp(28.836px, 1.802rem + ((1vw - 3.2px) * 1.653), 50px);\"><strong>Bien plus qu\u2019un restaurant\u2026 Une histoire de famille<\/strong><br><\/p>\n\n\n\n<p class=\"has-text-align-center has-custom-very-light-gray-color has-text-color has-link-color wp-elements-325622f3e405d964aba935dd2f8b786e\" style=\"padding-right:10%;padding-left:10%;font-size:clamp(14px, 0.875rem + ((1vw - 3.2px) * 0.469), 20px);\">Un couple uni par la passion, la famille et la cuisine. \nDerri\u00e8re Chef Kebab, il y a Garo et Salpy Shahinian, un couple mari\u00e9 depuis 1990, dont \nl\u2019histoire a commenc\u00e9 en Irak. Parents de quatre enfants, ils ont travers\u00e9 ensemble les d\u00e9fis de la migration d\u2019Irak \u00e0 la Syrie, puis au Qu\u00e9bec en 2011 en gardant une conviction commune : c\u2019est autour de la table que se transmettent les traditions, les souvenirs, et les valeurs. Chef Kebab est le fruit de cette trajectoire, nourrie de r\u00e9silience, d\u2019amour et d\u2019un profond attachement \u00e0 la culture arm\u00e9nienne et moyen-orientale.<\/p>\n\n\n\n<div class=\"wp-block-group alignwide has-custom-very-light-gray-background-color has-background has-global-padding is-layout-constrained wp-container-core-group-is-layout-8ae7e71f wp-block-group-is-layout-constrained\" style=\"padding-top:0;padding-right:0%;padding-bottom:0;padding-left:0%\">\n<div class=\"wp-block-cover alignfull\" style=\"padding-right:0%;padding-left:0%;min-height:535px;aspect-ratio:unset;\"><span aria-hidden=\"true\" class=\"wp-block-cover__background has-custom-earthy-olive-green-background-color has-background-dim-100 has-background-dim\"><\/span><div class=\"wp-block-cover__inner-container is-layout-flow wp-block-cover-is-layout-flow\">\n<div class=\"wp-block-media-text is-stacked-on-mobile custom-media-text has-custom-earthy-olive-green-background-color has-background\" style=\"margin-left:10%;padding-right:0;padding-left:0;grid-template-columns:40% auto\"><figure class=\"wp-block-media-text__media\"><img loading=\"lazy\" decoding=\"async\" width=\"916\" height=\"1024\" src=\"https:\/\/chefkebab.ca\/wp-content\/uploads\/2025\/06\/ara.6-916x1024.jpg\" alt=\"\" class=\"wp-image-238 size-full\" srcset=\"https:\/\/chefkebab.ca\/wp-content\/uploads\/2025\/06\/ara.6-916x1024.jpg 916w, https:\/\/chefkebab.ca\/wp-content\/uploads\/2025\/06\/ara.6-268x300.jpg 268w, https:\/\/chefkebab.ca\/wp-content\/uploads\/2025\/06\/ara.6-768x859.jpg 768w, https:\/\/chefkebab.ca\/wp-content\/uploads\/2025\/06\/ara.6-1374x1536.jpg 1374w, https:\/\/chefkebab.ca\/wp-content\/uploads\/2025\/06\/ara.6-1832x2048.jpg 1832w, https:\/\/chefkebab.ca\/wp-content\/uploads\/2025\/06\/ara.6-11x12.jpg 11w\" sizes=\"auto, (max-width: 916px) 100vw, 916px\" \/><\/figure><div class=\"wp-block-media-text__content\">\n<div class=\"wp-block-columns has-custom-almost-black-charcoal-tonr-background-color has-background is-layout-flex wp-container-core-columns-is-layout-28f84493 wp-block-columns-is-layout-flex\">\n<div class=\"wp-block-column is-layout-flow wp-block-column-is-layout-flow\">\n<h2 class=\"wp-block-heading has-custom-deep-red-color has-text-color has-link-color has-open-sans-font-family wp-elements-f582d079efe4122cf8f56533674877c9\" style=\"font-size:clamp(28.836px, 1.802rem + ((1vw - 3.2px) * 1.653), 50px);\"><strong>Garo shahinian<\/strong><\/h2>\n\n\n\n<p class=\"has-custom-very-light-gray-color has-text-color has-link-color wp-elements-f34a94e7e54e4ccafcd67d97e2e7cb79\" style=\"font-size:clamp(14px, 0.875rem + ((1vw - 3.2px) * 0.469), 20px);\">Ing\u00e9nieur civil de formation, Garo a toujours \u00e9t\u00e9 anim\u00e9 par l\u2019envie de b\u00e2tir que ce soit des lieux, des projets ou des saveurs. D\u00e8s ses premi\u00e8res exp\u00e9riences en Irak, puis en Syrie, il ouvre et dirige des caf\u00e9t\u00e9rias, des omptoirs \u00e0 emporter, et travaille dans le domaine de la boucherie. Visionnaire et passionn\u00e9, il voit dans la cuisine un terrain d\u2019expression o\u00f9 rigueur, cr\u00e9ativit\u00e9 et g\u00e9n\u00e9rosit\u00e9 se rejoignent. Depuis 2011, Garo d\u00e9ploie son savoir-faire au service de Chef Kebab, avec le souci constant de qualit\u00e9 et d\u2019accueil.<br>business. Visionary and passionate, he sees food as a creative space where precision,<br>imagination, and generosity meet. Since 2011, Garo has dedicated his culinary skills to Chef Kebab, always striving for excellence in both taste and hospitality.<\/p>\n\n\n\n<p class=\"has-custom-very-light-gray-color has-text-color has-link-color wp-elements-41fc44394f073300ebcba5d36d4f2f51\" style=\"font-size:clamp(14px, 0.875rem + ((1vw - 3.2px) * 0.469), 20px);\"><\/p>\n<\/div>\n<\/div>\n<\/div><\/div>\n<\/div><\/div>\n<\/div>\n\n\n\n<div class=\"wp-block-group alignwide has-global-padding is-layout-constrained wp-container-core-group-is-layout-8ae7e71f wp-block-group-is-layout-constrained\" style=\"padding-top:0;padding-right:0%;padding-bottom:0;padding-left:0%\">\n<div style=\"aspect-ratio:unset;\" class=\"wp-block-cover alignfull\"><span aria-hidden=\"true\" class=\"wp-block-cover__background has-custom-earthy-olive-green-background-color has-background-dim-100 has-background-dim\"><\/span><div class=\"wp-block-cover__inner-container is-layout-flow wp-block-cover-is-layout-flow\">\n<div class=\"wp-block-media-text has-media-on-the-right is-stacked-on-mobile custom-media-text has-custom-earthy-olive-green-background-color has-background\" style=\"padding-right:10%;grid-template-columns:auto 40%\"><div class=\"wp-block-media-text__content\">\n<div class=\"wp-block-columns has-custom-almost-black-charcoal-tonr-background-color has-background is-layout-flex wp-container-core-columns-is-layout-28f84493 wp-block-columns-is-layout-flex\">\n<div class=\"wp-block-column is-layout-flow wp-block-column-is-layout-flow\">\n<h2 class=\"wp-block-heading has-custom-deep-red-color has-text-color has-link-color has-open-sans-font-family wp-elements-4550450373592c7afce73bf4fab86a3a\" style=\"font-size:clamp(28.836px, 1.802rem + ((1vw - 3.2px) * 1.653), 50px);\">Salpy Shahinian<\/h2>\n\n\n\n<p class=\"has-custom-very-light-gray-color has-text-color has-link-color wp-elements-8b22cbecb6ec89e0983a313696aeccd6\" style=\"font-size:clamp(14px, 0.875rem + ((1vw - 3.2px) * 0.469), 20px);\">V\u00e9t\u00e9rinaire de formation et maman de quatre enfants, Salpy incarne la force tranquille derri\u00e8re \nchaque projet familial. Discr\u00e8te mais d\u00e9termin\u00e9e, elle a toujours \u00e9t\u00e9 un soutien essentiel aux \nc\u00f4t\u00e9s de son mari, fid\u00e8le aux valeurs de transmission<br>et profond\u00e9ment engag\u00e9e dans la cuisine du c\u0153ur. \u00c0 travers les recettes familiales qu\u2019elle pr\u00e9pare avec soin, elle donne \u00e0 Chef Kebab une touche authentique et chaleureuse, o\u00f9 chaque plat refl\u00e8te l\u2019esprit de la maison.<\/p>\n\n\n\n<p class=\"has-custom-very-light-gray-color has-text-color has-link-color wp-elements-41fc44394f073300ebcba5d36d4f2f51\" style=\"font-size:clamp(14px, 0.875rem + ((1vw - 3.2px) * 0.469), 20px);\"><\/p>\n<\/div>\n<\/div>\n<\/div><figure class=\"wp-block-media-text__media\"><img loading=\"lazy\" decoding=\"async\" width=\"730\" height=\"1024\" src=\"https:\/\/chefkebab.ca\/wp-content\/uploads\/2025\/12\/ara.12-730x1024.jpg\" alt=\"\" class=\"wp-image-1175 size-full\" srcset=\"https:\/\/chefkebab.ca\/wp-content\/uploads\/2025\/12\/ara.12-730x1024.jpg 730w, https:\/\/chefkebab.ca\/wp-content\/uploads\/2025\/12\/ara.12-214x300.jpg 214w, https:\/\/chefkebab.ca\/wp-content\/uploads\/2025\/12\/ara.12-768x1078.jpg 768w, https:\/\/chefkebab.ca\/wp-content\/uploads\/2025\/12\/ara.12-1095x1536.jpg 1095w, https:\/\/chefkebab.ca\/wp-content\/uploads\/2025\/12\/ara.12-1460x2048.jpg 1460w, https:\/\/chefkebab.ca\/wp-content\/uploads\/2025\/12\/ara.12-9x12.jpg 9w, https:\/\/chefkebab.ca\/wp-content\/uploads\/2025\/12\/ara.12-scaled.jpg 1825w\" sizes=\"auto, (max-width: 730px) 100vw, 730px\" \/><\/figure><\/div>\n<\/div><\/div>\n<\/div>\n\n\n\n<div style=\"height:100px\" aria-hidden=\"true\" class=\"wp-block-spacer\"><\/div>","protected":false},"excerpt":{"rendered":"<p>More Than a Restaurant\u2026 A Family Story A couple united by passion, family, and food. Behind Chef Kebab are Garo and Salpy Shahinian, a couple married since 1990 whose story began in Iraq. Parents of four children, they journeyed together through the challenges of migration, from Iraq to Syria, and finally to Quebec in 2011. [&hellip;]<\/p>","protected":false},"author":1,"featured_media":0,"parent":0,"menu_order":0,"comment_status":"closed","ping_status":"closed","template":"","meta":{"footnotes":""},"class_list":["post-233","page","type-page","status-publish","hentry"],"yoast_head":"<!-- This site is optimized with the Yoast SEO plugin v26.7 - https:\/\/yoast.com\/wordpress\/plugins\/seo\/ -->\n<title>Learn About the Top Armenian Restaurant in Laval | Chef Kebab<\/title>\n<meta name=\"description\" content=\"Meet the masters at our family-owned armenian restaurant in Laval. Our family makes us a top restaurants choice for those seeking an authentic arabic restaurant.\" \/>\n<meta name=\"robots\" content=\"index, follow, max-snippet:-1, max-image-preview:large, max-video-preview:-1\" \/>\n<link rel=\"canonical\" href=\"https:\/\/chefkebab.ca\/fr\/our-chefs\/\" \/>\n<meta property=\"og:locale\" content=\"fr_CA\" \/>\n<meta property=\"og:type\" content=\"article\" \/>\n<meta property=\"og:title\" content=\"Learn About the Top Armenian Restaurant in Laval | Chef Kebab\" \/>\n<meta property=\"og:description\" content=\"Meet the masters at our family-owned armenian restaurant in Laval. Our family makes us a top restaurants choice for those seeking an authentic arabic restaurant.\" \/>\n<meta property=\"og:url\" content=\"https:\/\/chefkebab.ca\/fr\/our-chefs\/\" \/>\n<meta property=\"og:site_name\" content=\"Chefkebab\" \/>\n<meta property=\"article:publisher\" content=\"https:\/\/www.facebook.com\/restaurantchefkebab\/\" \/>\n<meta property=\"article:modified_time\" content=\"2026-01-27T17:02:36+00:00\" \/>\n<meta property=\"og:image\" content=\"https:\/\/chefkebab.ca\/wp-content\/uploads\/2025\/06\/ara.6-916x1024.jpg\" \/>\n<meta name=\"twitter:card\" content=\"summary_large_image\" \/>\n<meta name=\"twitter:label1\" content=\"Estimation du temps de lecture\" \/>\n\t<meta name=\"twitter:data1\" content=\"2 minutes\" \/>\n<script type=\"application\/ld+json\" class=\"yoast-schema-graph\">{\"@context\":\"https:\/\/schema.org\",\"@graph\":[{\"@type\":\"WebPage\",\"@id\":\"https:\/\/chefkebab.ca\/fr\/our-chefs\/\",\"url\":\"https:\/\/chefkebab.ca\/fr\/our-chefs\/\",\"name\":\"Learn About the Top Armenian Restaurant in Laval | Chef Kebab\",\"isPartOf\":{\"@id\":\"https:\/\/chefkebab.ca\/fr\/#website\"},\"primaryImageOfPage\":{\"@id\":\"https:\/\/chefkebab.ca\/fr\/our-chefs\/#primaryimage\"},\"image\":{\"@id\":\"https:\/\/chefkebab.ca\/fr\/our-chefs\/#primaryimage\"},\"thumbnailUrl\":\"https:\/\/chefkebab.ca\/wp-content\/uploads\/2025\/06\/ara.6-916x1024.jpg\",\"datePublished\":\"2025-06-21T00:46:54+00:00\",\"dateModified\":\"2026-01-27T17:02:36+00:00\",\"description\":\"Meet the masters at our family-owned armenian restaurant in Laval. Our family makes us a top restaurants choice for those seeking an authentic arabic restaurant.\",\"breadcrumb\":{\"@id\":\"https:\/\/chefkebab.ca\/fr\/our-chefs\/#breadcrumb\"},\"inLanguage\":\"fr-CA\",\"potentialAction\":[{\"@type\":\"ReadAction\",\"target\":[\"https:\/\/chefkebab.ca\/fr\/our-chefs\/\"]}]},{\"@type\":\"ImageObject\",\"inLanguage\":\"fr-CA\",\"@id\":\"https:\/\/chefkebab.ca\/fr\/our-chefs\/#primaryimage\",\"url\":\"https:\/\/chefkebab.ca\/wp-content\/uploads\/2025\/06\/ara.6-916x1024.jpg\",\"contentUrl\":\"https:\/\/chefkebab.ca\/wp-content\/uploads\/2025\/06\/ara.6-916x1024.jpg\"},{\"@type\":\"BreadcrumbList\",\"@id\":\"https:\/\/chefkebab.ca\/fr\/our-chefs\/#breadcrumb\",\"itemListElement\":[{\"@type\":\"ListItem\",\"position\":1,\"name\":\"Home\",\"item\":\"https:\/\/chefkebab.ca\/fr\/\"},{\"@type\":\"ListItem\",\"position\":2,\"name\":\"Our Chefs\"}]},{\"@type\":\"WebSite\",\"@id\":\"https:\/\/chefkebab.ca\/fr\/#website\",\"url\":\"https:\/\/chefkebab.ca\/fr\/\",\"name\":\"Chef Kebab\",\"description\":\"\",\"publisher\":{\"@id\":\"https:\/\/chefkebab.ca\/fr\/#organization\"},\"potentialAction\":[{\"@type\":\"SearchAction\",\"target\":{\"@type\":\"EntryPoint\",\"urlTemplate\":\"https:\/\/chefkebab.ca\/fr\/?s={search_term_string}\"},\"query-input\":{\"@type\":\"PropertyValueSpecification\",\"valueRequired\":true,\"valueName\":\"search_term_string\"}}],\"inLanguage\":\"fr-CA\"},{\"@type\":\"Organization\",\"@id\":\"https:\/\/chefkebab.ca\/fr\/#organization\",\"name\":\"Chef Kebab\",\"url\":\"https:\/\/chefkebab.ca\/fr\/\",\"logo\":{\"@type\":\"ImageObject\",\"inLanguage\":\"fr-CA\",\"@id\":\"https:\/\/chefkebab.ca\/fr\/#\/schema\/logo\/image\/\",\"url\":\"https:\/\/chefkebab.ca\/wp-content\/uploads\/2024\/11\/Chef-logo.png\",\"contentUrl\":\"https:\/\/chefkebab.ca\/wp-content\/uploads\/2024\/11\/Chef-logo.png\",\"width\":732,\"height\":869,\"caption\":\"Chef Kebab\"},\"image\":{\"@id\":\"https:\/\/chefkebab.ca\/fr\/#\/schema\/logo\/image\/\"},\"sameAs\":[\"https:\/\/www.facebook.com\/restaurantchefkebab\/\",\"https:\/\/www.instagram.com\/restaurantchefkebab\"]}]}<\/script>\n<!-- \/ Yoast SEO plugin. -->","yoast_head_json":{"title":"Learn About the Top Armenian Restaurant in Laval | Chef Kebab","description":"Meet the masters at our family-owned armenian restaurant in Laval. Our family makes us a top restaurants choice for those seeking an authentic arabic restaurant.","robots":{"index":"index","follow":"follow","max-snippet":"max-snippet:-1","max-image-preview":"max-image-preview:large","max-video-preview":"max-video-preview:-1"},"canonical":"https:\/\/chefkebab.ca\/fr\/our-chefs\/","og_locale":"fr_CA","og_type":"article","og_title":"Learn About the Top Armenian Restaurant in Laval | Chef Kebab","og_description":"Meet the masters at our family-owned armenian restaurant in Laval. Our family makes us a top restaurants choice for those seeking an authentic arabic restaurant.","og_url":"https:\/\/chefkebab.ca\/fr\/our-chefs\/","og_site_name":"Chefkebab","article_publisher":"https:\/\/www.facebook.com\/restaurantchefkebab\/","article_modified_time":"2026-01-27T17:02:36+00:00","og_image":[{"url":"https:\/\/chefkebab.ca\/wp-content\/uploads\/2025\/06\/ara.6-916x1024.jpg","type":"","width":"","height":""}],"twitter_card":"summary_large_image","twitter_misc":{"Estimation du temps de lecture":"2 minutes"},"schema":{"@context":"https:\/\/schema.org","@graph":[{"@type":"WebPage","@id":"https:\/\/chefkebab.ca\/fr\/our-chefs\/","url":"https:\/\/chefkebab.ca\/fr\/our-chefs\/","name":"Learn About the Top Armenian Restaurant in Laval | Chef Kebab","isPartOf":{"@id":"https:\/\/chefkebab.ca\/fr\/#website"},"primaryImageOfPage":{"@id":"https:\/\/chefkebab.ca\/fr\/our-chefs\/#primaryimage"},"image":{"@id":"https:\/\/chefkebab.ca\/fr\/our-chefs\/#primaryimage"},"thumbnailUrl":"https:\/\/chefkebab.ca\/wp-content\/uploads\/2025\/06\/ara.6-916x1024.jpg","datePublished":"2025-06-21T00:46:54+00:00","dateModified":"2026-01-27T17:02:36+00:00","description":"Meet the masters at our family-owned armenian restaurant in Laval. Our family makes us a top restaurants choice for those seeking an authentic arabic restaurant.","breadcrumb":{"@id":"https:\/\/chefkebab.ca\/fr\/our-chefs\/#breadcrumb"},"inLanguage":"fr-CA","potentialAction":[{"@type":"ReadAction","target":["https:\/\/chefkebab.ca\/fr\/our-chefs\/"]}]},{"@type":"ImageObject","inLanguage":"fr-CA","@id":"https:\/\/chefkebab.ca\/fr\/our-chefs\/#primaryimage","url":"https:\/\/chefkebab.ca\/wp-content\/uploads\/2025\/06\/ara.6-916x1024.jpg","contentUrl":"https:\/\/chefkebab.ca\/wp-content\/uploads\/2025\/06\/ara.6-916x1024.jpg"},{"@type":"BreadcrumbList","@id":"https:\/\/chefkebab.ca\/fr\/our-chefs\/#breadcrumb","itemListElement":[{"@type":"ListItem","position":1,"name":"Home","item":"https:\/\/chefkebab.ca\/fr\/"},{"@type":"ListItem","position":2,"name":"Our Chefs"}]},{"@type":"WebSite","@id":"https:\/\/chefkebab.ca\/fr\/#website","url":"https:\/\/chefkebab.ca\/fr\/","name":"Chef Kebab","description":"","publisher":{"@id":"https:\/\/chefkebab.ca\/fr\/#organization"},"potentialAction":[{"@type":"SearchAction","target":{"@type":"EntryPoint","urlTemplate":"https:\/\/chefkebab.ca\/fr\/?s={search_term_string}"},"query-input":{"@type":"PropertyValueSpecification","valueRequired":true,"valueName":"search_term_string"}}],"inLanguage":"fr-CA"},{"@type":"Organization","@id":"https:\/\/chefkebab.ca\/fr\/#organization","name":"Chef Kebab","url":"https:\/\/chefkebab.ca\/fr\/","logo":{"@type":"ImageObject","inLanguage":"fr-CA","@id":"https:\/\/chefkebab.ca\/fr\/#\/schema\/logo\/image\/","url":"https:\/\/chefkebab.ca\/wp-content\/uploads\/2024\/11\/Chef-logo.png","contentUrl":"https:\/\/chefkebab.ca\/wp-content\/uploads\/2024\/11\/Chef-logo.png","width":732,"height":869,"caption":"Chef Kebab"},"image":{"@id":"https:\/\/chefkebab.ca\/fr\/#\/schema\/logo\/image\/"},"sameAs":["https:\/\/www.facebook.com\/restaurantchefkebab\/","https:\/\/www.instagram.com\/restaurantchefkebab"]}]}},"_links":{"self":[{"href":"https:\/\/chefkebab.ca\/fr\/wp-json\/wp\/v2\/pages\/233","targetHints":{"allow":["GET"]}}],"collection":[{"href":"https:\/\/chefkebab.ca\/fr\/wp-json\/wp\/v2\/pages"}],"about":[{"href":"https:\/\/chefkebab.ca\/fr\/wp-json\/wp\/v2\/types\/page"}],"author":[{"embeddable":true,"href":"https:\/\/chefkebab.ca\/fr\/wp-json\/wp\/v2\/users\/1"}],"replies":[{"embeddable":true,"href":"https:\/\/chefkebab.ca\/fr\/wp-json\/wp\/v2\/comments?post=233"}],"version-history":[{"count":34,"href":"https:\/\/chefkebab.ca\/fr\/wp-json\/wp\/v2\/pages\/233\/revisions"}],"predecessor-version":[{"id":1418,"href":"https:\/\/chefkebab.ca\/fr\/wp-json\/wp\/v2\/pages\/233\/revisions\/1418"}],"wp:attachment":[{"href":"https:\/\/chefkebab.ca\/fr\/wp-json\/wp\/v2\/media?parent=233"}],"curies":[{"name":"wp","href":"https:\/\/api.w.org\/{rel}","templated":true}]}}