{"id":1048,"date":"2025-11-15T07:04:52","date_gmt":"2025-11-15T07:04:52","guid":{"rendered":"https:\/\/chefkebab.ca\/?page_id=1048"},"modified":"2026-03-27T00:10:50","modified_gmt":"2026-03-27T00:10:50","slug":"plates-per-kilo","status":"publish","type":"page","link":"https:\/\/chefkebab.ca\/fr\/plates-per-kilo\/","title":{"rendered":"plates per kilo"},"content":{"rendered":"<div class=\"wp-block-group has-global-padding is-layout-constrained wp-block-group-is-layout-constrained\">\n<div class=\"hero-desktop\">\n  \n<\/div>\n\n<div class=\"hero-mobile\">\n  \n<\/div>\n\n<style>\n.hero-desktop {\n  display: block;\n}\n.hero-mobile {\n  display: none;\n}\n\n\/* Tablets & phones *\/\n@media (max-width: 768px) {\n  .hero-desktop {\n    display: none;\n  }\n  .hero-mobile {\n    display: block;\n  }\n}\n<\/style>\n<\/div>\n\n\n\n<div class=\"wp-block-group has-custom-earthy-olive-green-background-color has-background is-layout-flow wp-block-group-is-layout-flow\" style=\"padding-right:10%;padding-bottom:var(--wp--preset--spacing--60);padding-left:10%\">\n<style>\n\/* Menu container *\/\n.menu-container {\n  padding: 10px 0;\n  font-family: 'Poppins', sans-serif;\n}\n\n\/* Desktop menu bar *\/\n.menu-tabs {\n  display: flex;\n  justify-content: center;\n  gap: 8px;\n  background: #3E4031;\n  box-shadow: 0 4px 10px rgba(0, 0, 0, 0.1);\n  padding: 8px;\n}\n\n\/* Tabs *\/\n.tab-item {\n  width: 100%;\n  height: 50px;\n  display: flex;\n  justify-content: center;\n  align-items: center;\n  text-align: center;\n  padding: 6px;\n  text-decoration: none;\n  color: #f2f2f2;\n  font-weight: 500;\n  font-size: 14px;\n  border-radius: 6px;\n  background: #000000;\n  transition: all 0.3s ease-in-out;\n}\n\n.tab-item:hover {\n  background: #a6292d;\n  color: #f2f2f2;\n  transform: scale(1.05);\n}\n\n.tab-item.active {\n  background: linear-gradient(135deg, #333, #555);\n  color: #ffffff;\n  font-weight: 600;\n  box-shadow: 0 3px 6px rgba(0, 0, 0, 0.2);\n  transform: scale(1.1);\n  margin: 0 6px;\n}\n\n\/* Mobile dropdown container *\/\n.dropdown-menu {\n  display: none;\n  justify-content: center;\n  width: 100%;\n  background-color: #3E4031;\n  padding: 0;\n}\n\n\/* Wrapper for arrow *\/\n.dropdown-wrapper {\n  position: relative;\n  width: 100%;\n}\n\n\/* Dropdown select *\/\n.dropdown-select {\n  width: 100%;\n  padding: 16px 30px 16px 16px; \/* size preserved *\/\n  font-size: 18px;\n  font-weight: 700;\n  text-transform: uppercase;\n  text-align: center;\n  color: #f2f2f2;\n  background-color: #000000;\n  border: none;\n  cursor: pointer;\n\n  appearance: none;\n  -webkit-appearance: none;\n  -moz-appearance: none;\n}\n\n.dropdown-select:hover {\n  background-color: #a6292d;\n}\n\n.dropdown-select:focus {\n  outline: none;\n}\n\n\/* Dropdown arrow (pure CSS) *\/\n.dropdown-wrapper::after {\n  content: \"\";\n  position: absolute;\n  right: 18px;\n  top: 50%;\n  transform: translateY(-50%);\n  pointer-events: none;\n\n  border-left: 6px solid transparent;\n  border-right: 6px solid transparent;\n  border-top: 7px solid #ffffff;\n}\n\n\/* Dropdown options *\/\n.dropdown-select option {\n  background-color: #000000 !important;\n  color: #ffffff !important;\n}\n\n.dropdown-select option:hover,\n.dropdown-select option:focus,\n.dropdown-select option:checked {\n  background-color: #a6292d !important;\n  color: #ffffff !important;\n}\n\n\/* Responsive *\/\n@media (max-width: 768px) {\n  .menu-tabs {\n    display: none;\n  }\n\n  .dropdown-menu {\n    display: flex;\n  }\n}\n<\/style>\n\n<div class=\"menu-container\">\n\n  <!-- Mobile Dropdown -->\n  <div class=\"dropdown-menu\">\n    <div class=\"dropdown-wrapper\">\n      <select class=\"dropdown-select\" onchange=\"location = this.value;\">\n        <option value=\"\/breakfast\">Petit d\u00e9jeuner<\/option>\n        <option value=\"\/appetizers\">Entr\u00e9es<\/option>\n        <option value=\"\/main-dishes\">Plats principaux<\/option>\n        <option value=\"\/sides\">Les \u00e0 c\u00f4t\u00e9s<\/option>\n        <option value=\"\/plates-per-kilo\" selected>Plates Per Kilo<\/option>\n        <option value=\"\/group-menu\">Menu de groupe<\/option>\n        <option value=\"\/sandwiches\">Sandwich \\ Trio<\/option>\n        <option value=\"\/deserts-and-drinks\">Desserts et Boissons<\/option>\n        <option value=\"\/alcohol\">Alcool<\/option>\n      <\/select>\n    <\/div>\n  <\/div>\n\n  <!-- Desktop Tabs -->\n  <div class=\"menu-tabs\">\n    <a href=\"\/fr\/breakfast\/\" class=\"tab-item\">Petit d\u00e9jeuner<\/a>\n    <a href=\"\/fr\/appetizers\/\" class=\"tab-item\">Entr\u00e9es<\/a>\n    <a href=\"\/fr\/main-dishes\/\" class=\"tab-item\">Plats principaux<\/a>\n    <a href=\"\/fr\/sides\/\" class=\"tab-item\">Les \u00e0 c\u00f4t\u00e9s<\/a>\n    <a href=\"\/fr\/plates-per-kilo\/\" class=\"tab-item active\">Plates Per Kilo<\/a>\n    <a href=\"\/fr\/group-menu\/\" class=\"tab-item\">Menu de groupe<\/a>\n    <a href=\"\/fr\/sandwiches\/\" class=\"tab-item\">Sandwich \\ Trio<\/a>\n    <a href=\"\/fr\/deserts-and-drinks\/\" class=\"tab-item\">Desserts et Boissons<\/a>\n    <a href=\"\/fr\/alcohol\/\" class=\"tab-item\">Alcool<\/a>\n  <\/div>\n\n<\/div>\n<\/div>\n\n\n\n<div class=\"wp-block-group has-custom-earthy-olive-green-background-color has-background is-layout-flow wp-block-group-is-layout-flow\" style=\"padding-right:10%;padding-left:10%\">\n<div class=\"wp-block-columns is-layout-flex wp-container-core-columns-is-layout-28f84493 wp-block-columns-is-layout-flex\">\n<div class=\"wp-block-column has-small-font-size is-layout-flow wp-container-core-column-is-layout-b108c007 wp-block-column-is-layout-flow\" style=\"padding-right:0;padding-left:0;flex-basis:33.33%\">\n<div class=\"wp-block-group has-secondary-color has-text-color has-link-color wp-elements-e46f48bc1307e393b30205ec6ee90331 is-vertical is-layout-flex wp-container-core-group-is-layout-acbd7131 wp-block-group-is-layout-flex\" style=\"padding-right:5rem\">\n<h2 class=\"wp-block-heading has-custom-deep-red-color has-text-color has-link-color wp-elements-37a36fc0fb6c5891d298979543991b2b\" style=\"margin-top:var(--wp--preset--spacing--60);margin-bottom:0;font-size:clamp(21.536px, 1.346rem + ((1vw - 3.2px) * 1.052), 35px);\"><strong>Plates per kilo<\/strong><\/h2>\n\n\n\n<p class=\"has-custom-very-light-gray-color has-text-color has-link-color wp-elements-828ec0628cca8b575733a44f47662300\"><\/p>\n\n\n\n<p class=\"has-custom-very-light-gray-color has-text-color has-link-color wp-elements-828ec0628cca8b575733a44f47662300\"><\/p>\n<\/div>\n<\/div>\n\n\n\n<div class=\"wp-block-column is-layout-flow wp-block-column-is-layout-flow\" style=\"flex-basis:66.66%\">\n<div class=\"wp-block-columns is-layout-flex wp-container-core-columns-is-layout-28f84493 wp-block-columns-is-layout-flex\">\n<div class=\"wp-block-column is-layout-flow wp-block-column-is-layout-flow\" style=\"flex-basis:33.33%\">\n<h2 class=\"wp-block-heading has-custom-very-light-gray-color has-text-color has-link-color has-medium-font-size wp-elements-d0a1de6fdbffc1da9f418994c3bc14c9\"><strong>plates per kilo<\/strong><\/h2>\n\n\n\n<hr class=\"wp-block-separator has-text-color has-secondary-color has-alpha-channel-opacity has-secondary-background-color has-background\" style=\"margin-bottom:var(--wp--preset--spacing--30)\"\/>\n<\/div>\n\n\n\n<div class=\"wp-block-column is-layout-flow wp-block-column-is-layout-flow\" style=\"flex-basis:66.66%\"><\/div>\n<\/div>\n\n\n\n<p class=\"has-custom-very-light-gray-color has-text-color has-link-color wp-elements-f3f1a784b1a33fb68d625fc1b8a092e7\">Tous les plateaux au kilo sont servis avec de pita \u00e9pic\u00e9.<\/p>\n\n\n\n<div class=\"wp-block-group has-global-padding is-layout-constrained wp-block-group-is-layout-constrained\">\n<div class=\"wp-block-group is-content-justification-space-between is-nowrap is-layout-flex wp-container-core-group-is-layout-c258eec6 wp-block-group-is-layout-flex\" style=\"padding-left:var(--wp--preset--spacing--20)\">\n<h3 class=\"wp-block-heading has-custom-vibrant-orange-red-color has-text-color has-link-color has-medium-font-size wp-elements-4a6de2b6cc09a4b27850a54eb7706727\"><strong>Assiette mixte<\/strong><\/h3>\n\n\n\n<p class=\"has-text-align-right has-custom-very-light-gray-color has-custom-earthy-olive-green-background-color has-text-color has-background has-link-color has-small-font-size wp-elements-3b06344b5ce0de2d0e6834fef64b31b0\" style=\"padding-right:0;padding-left:0\">64.95$\/kg<\/p>\n<\/div>\n\n\n\n<p class=\"has-custom-very-light-gray-color has-text-color has-link-color has-small-font-size wp-elements-19ba91bda1e124570e02ba5030da70c2\" style=\"margin-top:0;margin-right:15%;margin-bottom:0;padding-left:var(--wp--preset--spacing--20)\">(4) Kafta, (3) filets mignons et (3) shish taouk accompagn\u00e9s de sauce \u00e0 l\u2019ail, d\u2019oignons, de persil et de pitas \u00e9pic\u00e9s.<\/p>\n<\/div>\n\n\n\n<div class=\"wp-block-group has-global-padding is-layout-constrained wp-block-group-is-layout-constrained\">\n<div class=\"wp-block-group is-content-justification-space-between is-nowrap is-layout-flex wp-container-core-group-is-layout-c258eec6 wp-block-group-is-layout-flex\" style=\"padding-left:var(--wp--preset--spacing--20)\">\n<h3 class=\"wp-block-heading has-custom-vibrant-orange-red-color has-text-color has-link-color has-medium-font-size wp-elements-931ed68f0d9430b77b220b5fe92d2d87\"><strong>Filet mignon<\/strong><\/h3>\n\n\n\n<p class=\"has-text-align-right has-custom-very-light-gray-color has-custom-earthy-olive-green-background-color has-text-color has-background has-link-color has-small-font-size wp-elements-0ad212cc4a9b9178f796fd3ac70bb59e\" style=\"padding-right:0;padding-left:0\">79.95$\/kg<\/p>\n<\/div>\n\n\n\n<p class=\"has-custom-very-light-gray-color has-text-color has-link-color has-small-font-size wp-elements-587f4cadfb54dcea23cfde0c5b863111\" style=\"margin-top:0;margin-right:15%;margin-bottom:0;padding-left:var(--wp--preset--spacing--20)\">(10) Brochettes de filet mignon accompagn\u00e9es d\u2019oignons, de persil de pitas \u00e9pic\u00e9s.<\/p>\n<\/div>\n\n\n\n<div class=\"wp-block-group has-global-padding is-layout-constrained wp-block-group-is-layout-constrained\">\n<div class=\"wp-block-group is-content-justification-space-between is-nowrap is-layout-flex wp-container-core-group-is-layout-c258eec6 wp-block-group-is-layout-flex\" style=\"padding-left:var(--wp--preset--spacing--20)\">\n<h3 class=\"wp-block-heading has-custom-vibrant-orange-red-color has-text-color has-link-color has-medium-font-size wp-elements-6e2db4b4a5abaf8ebb46068bdec8c791\"><strong>Shish taouk<\/strong><\/h3>\n\n\n\n<p class=\"has-text-align-right has-custom-very-light-gray-color has-custom-earthy-olive-green-background-color has-text-color has-background has-link-color has-small-font-size wp-elements-55faa33937b3c2457b019a4c85ed82ba\" style=\"padding-right:0;padding-left:0\">59.95$\/kg<\/p>\n<\/div>\n\n\n\n<p class=\"has-custom-very-light-gray-color has-text-color has-link-color has-small-font-size wp-elements-0eb745aee3026af699dd0be930982d51\" style=\"margin-top:0;margin-right:15%;margin-bottom:0;padding-left:var(--wp--preset--spacing--20)\">(10) Brochettes de poulets accompagn\u00e9es de sauce \u00e0 l\u2019ail, et de pitas \u00e9pic\u00e9s.<\/p>\n<\/div>\n\n\n\n<div class=\"wp-block-group has-global-padding is-layout-constrained wp-block-group-is-layout-constrained\">\n<div class=\"wp-block-group is-content-justification-space-between is-nowrap is-layout-flex wp-container-core-group-is-layout-c258eec6 wp-block-group-is-layout-flex\" style=\"padding-left:var(--wp--preset--spacing--20)\">\n<h3 class=\"wp-block-heading has-custom-vibrant-orange-red-color has-text-color has-link-color has-medium-font-size wp-elements-1cd04ca9e8679b4eb56a91175273d85c\"><strong>Kafta<\/strong><\/h3>\n\n\n\n<p class=\"has-text-align-right has-custom-very-light-gray-color has-custom-earthy-olive-green-background-color has-text-color has-background has-link-color has-small-font-size wp-elements-1a39e73be9f6068c62fbd40bfd2210f4\" style=\"padding-right:0;padding-left:0\">54.95$\/kg<\/p>\n<\/div>\n\n\n\n<p class=\"has-custom-very-light-gray-color has-text-color has-link-color has-small-font-size wp-elements-8838701c31d3b19c62ef515a1ffa87b7\" style=\"margin-top:0;margin-right:15%;margin-bottom:0;padding-left:var(--wp--preset--spacing--20)\">(10) Brochettes de boeuf hach\u00e9 accompagn\u00e9es d\u2019oignons, de persils et de pitas \u00e9pic\u00e9s.<\/p>\n<\/div>\n\n\n\n<div class=\"wp-block-group has-global-padding is-layout-constrained wp-block-group-is-layout-constrained\">\n<div class=\"wp-block-group is-content-justification-space-between is-nowrap is-layout-flex wp-container-core-group-is-layout-c258eec6 wp-block-group-is-layout-flex\" style=\"padding-left:var(--wp--preset--spacing--20)\">\n<h3 class=\"wp-block-heading has-custom-vibrant-orange-red-color has-text-color has-link-color has-medium-font-size wp-elements-e618d15de76429ff01fba49001357447\"><strong>Khach khach<\/strong><\/h3>\n\n\n\n<p class=\"has-text-align-right has-custom-very-light-gray-color has-custom-earthy-olive-green-background-color has-text-color has-background has-link-color has-small-font-size wp-elements-55faa33937b3c2457b019a4c85ed82ba\" style=\"padding-right:0;padding-left:0\">59.95$\/kg<\/p>\n<\/div>\n\n\n\n<p class=\"has-custom-very-light-gray-color has-text-color has-link-color has-small-font-size wp-elements-4025c47b0bbd596215bd9f970f358914\" style=\"margin-top:0;margin-right:15%;margin-bottom:0;padding-left:var(--wp--preset--spacing--20)\">(10) Brochettes de boeuf hach\u00e9 avec une sauce tomate l\u00e9g\u00e8rement \u00e9pic\u00e9s relev\u00e9e \u00e0 l\u2019ail accompagn\u00e9es d\u2019oignons, de persil et de pitas \u00e9pic\u00e9s.<\/p>\n<\/div>\n\n\n\n<div class=\"wp-block-group has-global-padding is-layout-constrained wp-block-group-is-layout-constrained\">\n<div class=\"wp-block-group is-content-justification-space-between is-nowrap is-layout-flex wp-container-core-group-is-layout-c258eec6 wp-block-group-is-layout-flex\" style=\"padding-left:var(--wp--preset--spacing--20)\">\n<h3 class=\"wp-block-heading has-custom-vibrant-orange-red-color has-text-color has-link-color has-medium-font-size wp-elements-e9377cf6a9a63af8adb53c8569ff3e54\"><strong>Antaki<\/strong><\/h3>\n\n\n\n<p class=\"has-text-align-right has-custom-very-light-gray-color has-custom-earthy-olive-green-background-color has-text-color has-background has-link-color has-small-font-size wp-elements-55faa33937b3c2457b019a4c85ed82ba\" style=\"padding-right:0;padding-left:0\">59.95$\/kg<\/p>\n<\/div>\n\n\n\n<p class=\"has-custom-very-light-gray-color has-text-color has-link-color has-small-font-size wp-elements-47a0b5107fb4b30625b0ffb085556b6f\" style=\"margin-top:0;margin-right:15%;margin-bottom:0;padding-left:var(--wp--preset--spacing--20)\">(10) Brochettes de boeuf hach\u00e9 servies en farce dans des pitas \u00e9pic\u00e9 le tout grill\u00e9 sur charbon de bois.<\/p>\n<\/div>\n\n\n\n<div class=\"wp-block-group has-global-padding is-layout-constrained wp-block-group-is-layout-constrained\">\n<div class=\"wp-block-group is-content-justification-space-between is-nowrap is-layout-flex wp-container-core-group-is-layout-c258eec6 wp-block-group-is-layout-flex\" style=\"padding-left:var(--wp--preset--spacing--20)\">\n<h3 class=\"wp-block-heading has-custom-vibrant-orange-red-color has-text-color has-link-color has-medium-font-size wp-elements-8d84644b8888aa0b506b24b70508f116\"><strong>Escalope de Poulet<\/strong><\/h3>\n\n\n\n<p class=\"has-text-align-right has-custom-very-light-gray-color has-custom-earthy-olive-green-background-color has-text-color has-background has-link-color has-small-font-size wp-elements-55faa33937b3c2457b019a4c85ed82ba\" style=\"padding-right:0;padding-left:0\">59.95$\/kg<\/p>\n<\/div>\n\n\n\n<p class=\"has-custom-very-light-gray-color has-text-color has-link-color has-small-font-size wp-elements-97603ed8a9d98fcc48d11af6e0238520\" style=\"margin-top:0;margin-right:15%;margin-bottom:0;padding-left:var(--wp--preset--spacing--20)\">Poitrine de poulets frits accompagn\u00e9es de sauce \u00e0 l\u2019ail.<\/p>\n<\/div>\n\n\n\n<div class=\"wp-block-group has-global-padding is-layout-constrained wp-block-group-is-layout-constrained\">\n<div class=\"wp-block-group is-content-justification-space-between is-nowrap is-layout-flex wp-container-core-group-is-layout-c258eec6 wp-block-group-is-layout-flex\" style=\"padding-left:var(--wp--preset--spacing--20)\">\n<h3 class=\"wp-block-heading has-custom-vibrant-orange-red-color has-text-color has-link-color has-medium-font-size wp-elements-0959d207ab3bb456ad6b074aa892cbd3\"><strong>Kebab d'aubergine<\/strong><\/h3>\n\n\n\n<p class=\"has-text-align-right has-custom-very-light-gray-color has-custom-earthy-olive-green-background-color has-text-color has-background has-link-color has-small-font-size wp-elements-3b06344b5ce0de2d0e6834fef64b31b0\" style=\"padding-right:0;padding-left:0\">64.95$\/kg<\/p>\n<\/div>\n\n\n\n<p class=\"has-custom-very-light-gray-color has-text-color has-link-color has-small-font-size wp-elements-0c99aa69ef175b61b3dbef44540c01aa\" style=\"margin-top:0;margin-right:15%;margin-bottom:0;padding-left:var(--wp--preset--spacing--20)\">(10) Brochettes servies avec des oignons et du persil.<\/p>\n<\/div>\n\n\n\n<div class=\"wp-block-group has-global-padding is-layout-constrained wp-block-group-is-layout-constrained\">\n<div class=\"wp-block-group is-content-justification-space-between is-nowrap is-layout-flex wp-container-core-group-is-layout-c258eec6 wp-block-group-is-layout-flex\" style=\"padding-left:var(--wp--preset--spacing--20)\">\n<h3 class=\"wp-block-heading has-custom-vibrant-orange-red-color has-text-color has-link-color has-medium-font-size wp-elements-21e4f03491cd04cf94fd3e5ca0aadcbb\"><strong>Ghawarma<\/strong><\/h3>\n\n\n\n<p class=\"has-text-align-right has-custom-very-light-gray-color has-custom-earthy-olive-green-background-color has-text-color has-background has-link-color has-small-font-size wp-elements-55faa33937b3c2457b019a4c85ed82ba\" style=\"padding-right:0;padding-left:0\">59.95$\/kg<\/p>\n<\/div>\n\n\n\n<p class=\"has-custom-very-light-gray-color has-text-color has-link-color has-small-font-size wp-elements-f13cc52ff010ce6466bab1328c8bf65d\" style=\"margin-top:0;margin-right:15%;margin-bottom:0;padding-left:var(--wp--preset--spacing--20)\">Viande de veau saut\u00e9e \u00e0 la sauce oignon, persil et ail<\/p>\n<\/div>\n<\/div>\n<\/div>\n<\/div>\n\n\n\n<div style=\"height:100px\" aria-hidden=\"true\" class=\"wp-block-spacer\"><\/div>","protected":false},"excerpt":{"rendered":"<p>BreakfastAppetizersMain DishesSidesPlates Per KiloGroup MenuSandwich \\ TrioDesserts &#038; DrinksAlcohol Breakfast Appetizers Main Dishes Sides Plates Per Kilo Group Menu Sandwich \\ Trio Desserts &#038; Drinks Alcohol Plates per kilo plates per kilo All platters by the kilo are served with spiced pita bread. Mixed platter 64.95$\/kg (4) Kafta skewers, (3) filet mignon skewers and (3) [&hellip;]<\/p>","protected":false},"author":1,"featured_media":0,"parent":0,"menu_order":0,"comment_status":"closed","ping_status":"closed","template":"","meta":{"footnotes":""},"class_list":["post-1048","page","type-page","status-publish","hentry"],"yoast_head":"<!-- This site is optimized with the Yoast SEO plugin v26.7 - https:\/\/yoast.com\/wordpress\/plugins\/seo\/ -->\n<title>Plates by Kilo - Mediterranean Cuisine Laval | Chef Kebab<\/title>\n<meta name=\"description\" content=\"Order authentic Lebanese food by the kilo! Chef Kebab is the perfect Arabic restaurant choice for large gatherings and the best middle eastern food in Laval.\" \/>\n<meta name=\"robots\" content=\"index, follow, max-snippet:-1, max-image-preview:large, max-video-preview:-1\" \/>\n<link rel=\"canonical\" href=\"https:\/\/chefkebab.ca\/fr\/plates-per-kilo\/\" \/>\n<meta property=\"og:locale\" content=\"fr_CA\" \/>\n<meta property=\"og:type\" content=\"article\" \/>\n<meta property=\"og:title\" content=\"Plates by Kilo - Mediterranean Cuisine Laval | Chef Kebab\" \/>\n<meta property=\"og:description\" content=\"Order authentic Lebanese food by the kilo! Chef Kebab is the perfect Arabic restaurant choice for large gatherings and the best middle eastern food in Laval.\" \/>\n<meta property=\"og:url\" content=\"https:\/\/chefkebab.ca\/fr\/plates-per-kilo\/\" \/>\n<meta property=\"og:site_name\" content=\"Chefkebab\" \/>\n<meta property=\"article:publisher\" content=\"https:\/\/www.facebook.com\/restaurantchefkebab\/\" \/>\n<meta property=\"article:modified_time\" content=\"2026-03-27T00:10:50+00:00\" \/>\n<meta name=\"twitter:card\" content=\"summary_large_image\" \/>\n<meta name=\"twitter:label1\" content=\"Estimation du temps de lecture\" \/>\n\t<meta name=\"twitter:data1\" content=\"1 minute\" \/>\n<script type=\"application\/ld+json\" class=\"yoast-schema-graph\">{\"@context\":\"https:\/\/schema.org\",\"@graph\":[{\"@type\":\"WebPage\",\"@id\":\"https:\/\/chefkebab.ca\/fr\/plates-per-kilo\/\",\"url\":\"https:\/\/chefkebab.ca\/fr\/plates-per-kilo\/\",\"name\":\"Plates by Kilo - Mediterranean Cuisine Laval | Chef Kebab\",\"isPartOf\":{\"@id\":\"https:\/\/chefkebab.ca\/fr\/#website\"},\"datePublished\":\"2025-11-15T07:04:52+00:00\",\"dateModified\":\"2026-03-27T00:10:50+00:00\",\"description\":\"Order authentic Lebanese food by the kilo! Chef Kebab is the perfect Arabic restaurant choice for large gatherings and the best middle eastern food in Laval.\",\"breadcrumb\":{\"@id\":\"https:\/\/chefkebab.ca\/fr\/plates-per-kilo\/#breadcrumb\"},\"inLanguage\":\"fr-CA\",\"potentialAction\":[{\"@type\":\"ReadAction\",\"target\":[\"https:\/\/chefkebab.ca\/fr\/plates-per-kilo\/\"]}]},{\"@type\":\"BreadcrumbList\",\"@id\":\"https:\/\/chefkebab.ca\/fr\/plates-per-kilo\/#breadcrumb\",\"itemListElement\":[{\"@type\":\"ListItem\",\"position\":1,\"name\":\"Home\",\"item\":\"https:\/\/chefkebab.ca\/fr\/\"},{\"@type\":\"ListItem\",\"position\":2,\"name\":\"plates per kilo\"}]},{\"@type\":\"WebSite\",\"@id\":\"https:\/\/chefkebab.ca\/fr\/#website\",\"url\":\"https:\/\/chefkebab.ca\/fr\/\",\"name\":\"Chef Kebab\",\"description\":\"\",\"publisher\":{\"@id\":\"https:\/\/chefkebab.ca\/fr\/#organization\"},\"potentialAction\":[{\"@type\":\"SearchAction\",\"target\":{\"@type\":\"EntryPoint\",\"urlTemplate\":\"https:\/\/chefkebab.ca\/fr\/?s={search_term_string}\"},\"query-input\":{\"@type\":\"PropertyValueSpecification\",\"valueRequired\":true,\"valueName\":\"search_term_string\"}}],\"inLanguage\":\"fr-CA\"},{\"@type\":\"Organization\",\"@id\":\"https:\/\/chefkebab.ca\/fr\/#organization\",\"name\":\"Chef Kebab\",\"url\":\"https:\/\/chefkebab.ca\/fr\/\",\"logo\":{\"@type\":\"ImageObject\",\"inLanguage\":\"fr-CA\",\"@id\":\"https:\/\/chefkebab.ca\/fr\/#\/schema\/logo\/image\/\",\"url\":\"https:\/\/chefkebab.ca\/wp-content\/uploads\/2024\/11\/Chef-logo.png\",\"contentUrl\":\"https:\/\/chefkebab.ca\/wp-content\/uploads\/2024\/11\/Chef-logo.png\",\"width\":732,\"height\":869,\"caption\":\"Chef Kebab\"},\"image\":{\"@id\":\"https:\/\/chefkebab.ca\/fr\/#\/schema\/logo\/image\/\"},\"sameAs\":[\"https:\/\/www.facebook.com\/restaurantchefkebab\/\",\"https:\/\/www.instagram.com\/restaurantchefkebab\"]}]}<\/script>\n<!-- \/ Yoast SEO plugin. -->","yoast_head_json":{"title":"Plates by Kilo - Mediterranean Cuisine Laval | Chef Kebab","description":"Order authentic Lebanese food by the kilo! Chef Kebab is the perfect Arabic restaurant choice for large gatherings and the best middle eastern food in Laval.","robots":{"index":"index","follow":"follow","max-snippet":"max-snippet:-1","max-image-preview":"max-image-preview:large","max-video-preview":"max-video-preview:-1"},"canonical":"https:\/\/chefkebab.ca\/fr\/plates-per-kilo\/","og_locale":"fr_CA","og_type":"article","og_title":"Plates by Kilo - Mediterranean Cuisine Laval | Chef Kebab","og_description":"Order authentic Lebanese food by the kilo! Chef Kebab is the perfect Arabic restaurant choice for large gatherings and the best middle eastern food in Laval.","og_url":"https:\/\/chefkebab.ca\/fr\/plates-per-kilo\/","og_site_name":"Chefkebab","article_publisher":"https:\/\/www.facebook.com\/restaurantchefkebab\/","article_modified_time":"2026-03-27T00:10:50+00:00","twitter_card":"summary_large_image","twitter_misc":{"Estimation du temps de lecture":"1 minute"},"schema":{"@context":"https:\/\/schema.org","@graph":[{"@type":"WebPage","@id":"https:\/\/chefkebab.ca\/fr\/plates-per-kilo\/","url":"https:\/\/chefkebab.ca\/fr\/plates-per-kilo\/","name":"Plates by Kilo - Mediterranean Cuisine Laval | Chef Kebab","isPartOf":{"@id":"https:\/\/chefkebab.ca\/fr\/#website"},"datePublished":"2025-11-15T07:04:52+00:00","dateModified":"2026-03-27T00:10:50+00:00","description":"Order authentic Lebanese food by the kilo! Chef Kebab is the perfect Arabic restaurant choice for large gatherings and the best middle eastern food in Laval.","breadcrumb":{"@id":"https:\/\/chefkebab.ca\/fr\/plates-per-kilo\/#breadcrumb"},"inLanguage":"fr-CA","potentialAction":[{"@type":"ReadAction","target":["https:\/\/chefkebab.ca\/fr\/plates-per-kilo\/"]}]},{"@type":"BreadcrumbList","@id":"https:\/\/chefkebab.ca\/fr\/plates-per-kilo\/#breadcrumb","itemListElement":[{"@type":"ListItem","position":1,"name":"Home","item":"https:\/\/chefkebab.ca\/fr\/"},{"@type":"ListItem","position":2,"name":"plates per kilo"}]},{"@type":"WebSite","@id":"https:\/\/chefkebab.ca\/fr\/#website","url":"https:\/\/chefkebab.ca\/fr\/","name":"Chef Kebab","description":"","publisher":{"@id":"https:\/\/chefkebab.ca\/fr\/#organization"},"potentialAction":[{"@type":"SearchAction","target":{"@type":"EntryPoint","urlTemplate":"https:\/\/chefkebab.ca\/fr\/?s={search_term_string}"},"query-input":{"@type":"PropertyValueSpecification","valueRequired":true,"valueName":"search_term_string"}}],"inLanguage":"fr-CA"},{"@type":"Organization","@id":"https:\/\/chefkebab.ca\/fr\/#organization","name":"Chef Kebab","url":"https:\/\/chefkebab.ca\/fr\/","logo":{"@type":"ImageObject","inLanguage":"fr-CA","@id":"https:\/\/chefkebab.ca\/fr\/#\/schema\/logo\/image\/","url":"https:\/\/chefkebab.ca\/wp-content\/uploads\/2024\/11\/Chef-logo.png","contentUrl":"https:\/\/chefkebab.ca\/wp-content\/uploads\/2024\/11\/Chef-logo.png","width":732,"height":869,"caption":"Chef Kebab"},"image":{"@id":"https:\/\/chefkebab.ca\/fr\/#\/schema\/logo\/image\/"},"sameAs":["https:\/\/www.facebook.com\/restaurantchefkebab\/","https:\/\/www.instagram.com\/restaurantchefkebab"]}]}},"_links":{"self":[{"href":"https:\/\/chefkebab.ca\/fr\/wp-json\/wp\/v2\/pages\/1048","targetHints":{"allow":["GET"]}}],"collection":[{"href":"https:\/\/chefkebab.ca\/fr\/wp-json\/wp\/v2\/pages"}],"about":[{"href":"https:\/\/chefkebab.ca\/fr\/wp-json\/wp\/v2\/types\/page"}],"author":[{"embeddable":true,"href":"https:\/\/chefkebab.ca\/fr\/wp-json\/wp\/v2\/users\/1"}],"replies":[{"embeddable":true,"href":"https:\/\/chefkebab.ca\/fr\/wp-json\/wp\/v2\/comments?post=1048"}],"version-history":[{"count":13,"href":"https:\/\/chefkebab.ca\/fr\/wp-json\/wp\/v2\/pages\/1048\/revisions"}],"predecessor-version":[{"id":1511,"href":"https:\/\/chefkebab.ca\/fr\/wp-json\/wp\/v2\/pages\/1048\/revisions\/1511"}],"wp:attachment":[{"href":"https:\/\/chefkebab.ca\/fr\/wp-json\/wp\/v2\/media?parent=1048"}],"curies":[{"name":"wp","href":"https:\/\/api.w.org\/{rel}","templated":true}]}}