{"id":1029,"date":"2025-11-15T06:08:42","date_gmt":"2025-11-15T06:08:42","guid":{"rendered":"https:\/\/chefkebab.ca\/?page_id=1029"},"modified":"2026-01-26T17:44:40","modified_gmt":"2026-01-26T17:44:40","slug":"sandwiches","status":"publish","type":"page","link":"https:\/\/chefkebab.ca\/fr\/sandwiches\/","title":{"rendered":"sandwiches"},"content":{"rendered":"<div class=\"wp-block-group has-global-padding is-layout-constrained wp-block-group-is-layout-constrained\">\n<div class=\"hero-desktop\">\n  \n<\/div>\n\n<div class=\"hero-mobile\">\n  \n<\/div>\n\n<style>\n.hero-desktop {\n  display: block;\n}\n.hero-mobile {\n  display: none;\n}\n\n\/* Tablets & phones *\/\n@media (max-width: 768px) {\n  .hero-desktop {\n    display: none;\n  }\n  .hero-mobile {\n    display: block;\n  }\n}\n<\/style>\n<\/div>\n\n\n\n<div class=\"wp-block-group has-custom-earthy-olive-green-background-color has-background is-layout-flow wp-block-group-is-layout-flow\" style=\"padding-right:10%;padding-bottom:var(--wp--preset--spacing--60);padding-left:10%\">\n<style>\n\/* Menu container *\/\n.menu-container {\n  padding: 10px 0;\n  font-family: 'Poppins', sans-serif;\n}\n\n\/* Desktop menu bar *\/\n.menu-tabs {\n  display: flex;\n  justify-content: center;\n  gap: 8px;\n  background: #3E4031;\n  box-shadow: 0 4px 10px rgba(0, 0, 0, 0.1);\n  padding: 8px;\n}\n\n\/* Tabs *\/\n.tab-item {\n  width: 100%;\n  height: 50px;\n  display: flex;\n  justify-content: center;\n  align-items: center;\n  text-align: center;\n  padding: 6px;\n  text-decoration: none;\n  color: #f2f2f2;\n  font-weight: 500;\n  font-size: 14px;\n  border-radius: 6px;\n  background: #000000;\n  transition: all 0.3s ease-in-out;\n}\n\n.tab-item:hover {\n  background: #a6292d;\n  color: #f2f2f2;\n  transform: scale(1.05);\n}\n\n.tab-item.active {\n  background: linear-gradient(135deg, #333, #555);\n  color: #ffffff;\n  font-weight: 600;\n  box-shadow: 0 3px 6px rgba(0, 0, 0, 0.2);\n  transform: scale(1.1);\n  margin: 0 6px;\n}\n\n\/* Mobile dropdown container *\/\n.dropdown-menu {\n  display: none;\n  justify-content: center;\n  width: 100%;\n  background-color: #3E4031;\n  padding: 0;\n}\n\n\/* Wrapper for arrow *\/\n.dropdown-wrapper {\n  position: relative;\n  width: 100%;\n}\n\n\/* Dropdown select *\/\n.dropdown-select {\n  width: 100%;\n  padding: 16px 30px 16px 16px; \/* size preserved *\/\n  font-size: 18px;\n  font-weight: 700;\n  text-transform: uppercase;\n  text-align: center;\n  color: #f2f2f2;\n  background-color: #000000;\n  border: none;\n  cursor: pointer;\n\n  appearance: none;\n  -webkit-appearance: none;\n  -moz-appearance: none;\n}\n\n.dropdown-select:hover {\n  background-color: #a6292d;\n}\n\n.dropdown-select:focus {\n  outline: none;\n}\n\n\/* Dropdown arrow (pure CSS) *\/\n.dropdown-wrapper::after {\n  content: \"\";\n  position: absolute;\n  right: 18px;\n  top: 50%;\n  transform: translateY(-50%);\n  pointer-events: none;\n\n  border-left: 6px solid transparent;\n  border-right: 6px solid transparent;\n  border-top: 7px solid #ffffff;\n}\n\n\/* Dropdown options *\/\n.dropdown-select option {\n  background-color: #000000 !important;\n  color: #ffffff !important;\n}\n\n.dropdown-select option:hover,\n.dropdown-select option:focus,\n.dropdown-select option:checked {\n  background-color: #a6292d !important;\n  color: #ffffff !important;\n}\n\n\/* Responsive *\/\n@media (max-width: 768px) {\n  .menu-tabs {\n    display: none;\n  }\n\n  .dropdown-menu {\n    display: flex;\n  }\n}\n<\/style>\n\n<div class=\"menu-container\">\n\n  <!-- Mobile Dropdown -->\n  <div class=\"dropdown-menu\">\n    <div class=\"dropdown-wrapper\">\n      <select class=\"dropdown-select\" onchange=\"location = this.value;\">\n        <option value=\"\/breakfast\">Petit d\u00e9jeuner<\/option>\n        <option value=\"\/appetizers\">Entr\u00e9es<\/option>\n        <option value=\"\/main-dishes\">Plats principaux<\/option>\n        <option value=\"\/sides\">Les \u00e0 c\u00f4t\u00e9s<\/option>\n        <option value=\"\/plates-per-kilo\">Plates Per Kilo<\/option>\n        <option value=\"\/group-menu\">Menu de groupe<\/option>\n        <option value=\"\/sandwiches\" selected>Sandwich \\ Trio<\/option>\n        <option value=\"\/deserts-and-drinks\">Desserts et Boissons<\/option>\n        <option value=\"\/alcohol\">Alcool<\/option>\n      <\/select>\n    <\/div>\n  <\/div>\n\n  <!-- Desktop Tabs -->\n  <div class=\"menu-tabs\">\n    <a href=\"\/fr\/breakfast\/\" class=\"tab-item\">Petit d\u00e9jeuner<\/a>\n    <a href=\"\/fr\/appetizers\/\" class=\"tab-item\">Entr\u00e9es<\/a>\n    <a href=\"\/fr\/main-dishes\/\" class=\"tab-item\">Plats principaux<\/a>\n    <a href=\"\/fr\/sides\/\" class=\"tab-item\">Les \u00e0 c\u00f4t\u00e9s<\/a>\n    <a href=\"\/fr\/plates-per-kilo\/\" class=\"tab-item\">Plates Per Kilo<\/a>\n    <a href=\"\/fr\/group-menu\/\" class=\"tab-item\">Menu de groupe<\/a>\n    <a href=\"\/fr\/sandwiches\/\" class=\"tab-item active\">Sandwich \\ Trio<\/a>\n    <a href=\"\/fr\/deserts-and-drinks\/\" class=\"tab-item\">Desserts et Boissons<\/a>\n    <a href=\"\/fr\/alcohol\/\" class=\"tab-item\">Alcool<\/a>\n  <\/div>\n\n<\/div>\n<\/div>\n\n\n\n<div class=\"wp-block-group has-custom-earthy-olive-green-background-color has-background is-layout-flow wp-block-group-is-layout-flow\" style=\"padding-right:10%;padding-left:10%\">\n<div class=\"wp-block-columns is-layout-flex wp-container-core-columns-is-layout-28f84493 wp-block-columns-is-layout-flex\">\n<div class=\"wp-block-column has-small-font-size is-layout-flow wp-container-core-column-is-layout-b108c007 wp-block-column-is-layout-flow\" style=\"padding-right:0;padding-left:0;flex-basis:33.33%\">\n<div class=\"wp-block-group has-secondary-color has-text-color has-link-color wp-elements-5f713c68e485b2f9e997c51130f725a9 is-vertical is-layout-flex wp-container-core-group-is-layout-e3425033 wp-block-group-is-layout-flex\" style=\"padding-right:20%\">\n<h2 class=\"wp-block-heading has-custom-deep-red-color has-text-color has-link-color wp-elements-3238867fb27f27dc0192cf294d2d9fda\" style=\"margin-top:var(--wp--preset--spacing--60);margin-bottom:0;font-size:clamp(21.536px, 1.346rem + ((1vw - 3.2px) * 1.052), 35px);\"><strong>Sandwich \\ Trio<\/strong><\/h2>\n<\/div>\n<\/div>\n\n\n\n<div class=\"wp-block-column is-layout-flow wp-block-column-is-layout-flow\" style=\"flex-basis:66.66%\">\n<div class=\"wp-block-columns is-layout-flex wp-container-core-columns-is-layout-28f84493 wp-block-columns-is-layout-flex\">\n<div class=\"wp-block-column is-layout-flow wp-block-column-is-layout-flow\" style=\"flex-basis:33.33%\">\n<h2 class=\"wp-block-heading has-custom-very-light-gray-color has-text-color has-link-color has-medium-font-size wp-elements-5f2c67abe143bab1c1af2d4e870e1d71\">Sandwiches \/ Trio<\/h2>\n\n\n\n<hr class=\"wp-block-separator has-text-color has-secondary-color has-alpha-channel-opacity has-secondary-background-color has-background\" style=\"margin-bottom:var(--wp--preset--spacing--30)\"\/>\n<\/div>\n\n\n\n<div class=\"wp-block-column is-layout-flow wp-block-column-is-layout-flow\" style=\"flex-basis:66.66%\"><\/div>\n<\/div>\n\n\n\n<p class=\"has-custom-very-light-gray-color has-text-color has-link-color wp-elements-4872d64e6cb663a94e3243c70ebe0f68\">Tous les trios sont servis avec des frites et une boisson.<\/p>\n\n\n\n<div class=\"wp-block-group is-content-justification-space-between is-nowrap is-layout-flex wp-container-core-group-is-layout-c258eec6 wp-block-group-is-layout-flex\" style=\"padding-left:var(--wp--preset--spacing--20)\">\n<h3 class=\"wp-block-heading has-custom-vibrant-orange-red-color has-text-color has-link-color has-medium-font-size wp-elements-1cd04ca9e8679b4eb56a91175273d85c\"><strong>Kafta<\/strong><\/h3>\n\n\n\n<p class=\"has-text-align-right has-custom-very-light-gray-color has-custom-earthy-olive-green-background-color has-text-color has-background has-link-color has-small-font-size wp-elements-97a4205f692ffa295d146291c0f13c75\" style=\"padding-right:0;padding-left:0\"> 8.95$ \/ 13.95$<\/p>\n<\/div>\n\n\n\n<div class=\"wp-block-group has-small-font-size is-content-justification-space-between is-nowrap is-layout-flex wp-container-core-group-is-layout-c258eec6 wp-block-group-is-layout-flex\" style=\"padding-left:var(--wp--preset--spacing--20)\">\n<h3 class=\"wp-block-heading has-custom-vibrant-orange-red-color has-text-color has-link-color has-medium-font-size wp-elements-931ed68f0d9430b77b220b5fe92d2d87\"><strong>Filet mignon<\/strong><\/h3>\n\n\n\n<p class=\"has-text-align-right has-custom-very-light-gray-color has-custom-earthy-olive-green-background-color has-text-color has-background has-link-color has-small-font-size wp-elements-bdf1ff98b261d77bbf3ecc4f0d145a2e\" style=\"padding-right:0;padding-left:0\">11.95$ \/ 15.95$<\/p>\n<\/div>\n\n\n\n<div class=\"wp-block-group is-content-justification-space-between is-nowrap is-layout-flex wp-container-core-group-is-layout-c258eec6 wp-block-group-is-layout-flex\" style=\"padding-left:var(--wp--preset--spacing--20)\">\n<h3 class=\"wp-block-heading has-custom-vibrant-orange-red-color has-text-color has-link-color has-medium-font-size wp-elements-9f77bdbe6cbd232fb38ad03e3f7f09ad\"><strong>Shish taouk<\/strong><\/h3>\n\n\n\n<p class=\"has-text-align-right has-custom-very-light-gray-color has-custom-earthy-olive-green-background-color has-text-color has-background has-link-color has-small-font-size wp-elements-97a4205f692ffa295d146291c0f13c75\" style=\"padding-right:0;padding-left:0\"> 8.95$ \/ 13.95$<\/p>\n<\/div>\n\n\n\n<div class=\"wp-block-group is-content-justification-space-between is-nowrap is-layout-flex wp-container-core-group-is-layout-c258eec6 wp-block-group-is-layout-flex\" style=\"padding-left:var(--wp--preset--spacing--20)\">\n<h3 class=\"wp-block-heading has-custom-vibrant-orange-red-color has-text-color has-link-color has-medium-font-size wp-elements-16487f6eac6a5c656830a1d9ba324042\"><strong>Soujouk<\/strong><\/h3>\n\n\n\n<p class=\"has-text-align-right has-custom-very-light-gray-color has-custom-earthy-olive-green-background-color has-text-color has-background has-link-color has-small-font-size wp-elements-2f79d0e5fca698227357c7ce331828fa\" style=\"padding-right:0;padding-left:0\">8.95$ \/ 13.95$<\/p>\n<\/div>\n\n\n\n<div class=\"wp-block-group is-content-justification-space-between is-nowrap is-layout-flex wp-container-core-group-is-layout-c258eec6 wp-block-group-is-layout-flex\" style=\"padding-left:var(--wp--preset--spacing--20)\">\n<h3 class=\"wp-block-heading has-custom-vibrant-orange-red-color has-text-color has-link-color has-medium-font-size wp-elements-2ec08273b7bf6955727a556da5bacb3d\"><strong>basterma<\/strong><\/h3>\n\n\n\n<p class=\"has-text-align-right has-custom-very-light-gray-color has-custom-earthy-olive-green-background-color has-text-color has-background has-link-color has-small-font-size wp-elements-2f79d0e5fca698227357c7ce331828fa\" style=\"padding-right:0;padding-left:0\">8.95$ \/ 13.95$<\/p>\n<\/div>\n\n\n\n<div class=\"wp-block-group is-content-justification-space-between is-nowrap is-layout-flex wp-container-core-group-is-layout-c258eec6 wp-block-group-is-layout-flex\" style=\"padding-left:var(--wp--preset--spacing--20)\">\n<h3 class=\"wp-block-heading has-custom-vibrant-orange-red-color has-text-color has-link-color has-medium-font-size wp-elements-61b9f253b33fe363f43f3be33b81d3a7\"><strong>ghawarma<\/strong><\/h3>\n\n\n\n<p class=\"has-text-align-right has-custom-very-light-gray-color has-custom-earthy-olive-green-background-color has-text-color has-background has-link-color has-small-font-size wp-elements-97a4205f692ffa295d146291c0f13c75\" style=\"padding-right:0;padding-left:0\"> 8.95$ \/ 13.95$<\/p>\n<\/div>\n\n\n\n<div class=\"wp-block-group is-content-justification-space-between is-nowrap is-layout-flex wp-container-core-group-is-layout-c258eec6 wp-block-group-is-layout-flex\" style=\"padding-left:var(--wp--preset--spacing--20)\">\n<h3 class=\"wp-block-heading has-custom-vibrant-orange-red-color has-text-color has-link-color has-medium-font-size wp-elements-08f3eeedd6bd2b60a1f69d3d4d8b2a56\"><strong>Escalope Poulet<\/strong><\/h3>\n\n\n\n<p class=\"has-text-align-right has-custom-very-light-gray-color has-custom-earthy-olive-green-background-color has-text-color has-background has-link-color has-small-font-size wp-elements-2f79d0e5fca698227357c7ce331828fa\" style=\"padding-right:0;padding-left:0\">8.95$ \/ 13.95$<\/p>\n<\/div>\n\n\n\n<div class=\"wp-block-group is-content-justification-space-between is-nowrap is-layout-flex wp-container-core-group-is-layout-c258eec6 wp-block-group-is-layout-flex\" style=\"padding-left:var(--wp--preset--spacing--20)\">\n<h3 class=\"wp-block-heading has-custom-vibrant-orange-red-color has-text-color has-link-color has-medium-font-size wp-elements-b70c2ac9bac6249dde3429519eb4deca\"><strong>shawarma<\/strong><\/h3>\n\n\n\n<p class=\"has-text-align-right has-custom-very-light-gray-color has-custom-earthy-olive-green-background-color has-text-color has-background has-link-color has-small-font-size wp-elements-2f79d0e5fca698227357c7ce331828fa\" style=\"padding-right:0;padding-left:0\">8.95$ \/ 13.95$<\/p>\n<\/div>\n<\/div>\n<\/div>\n<\/div>\n\n\n\n<div style=\"height:100px\" aria-hidden=\"true\" class=\"wp-block-spacer\"><\/div>","protected":false},"excerpt":{"rendered":"<p>BreakfastAppetizersMain DishesSidesPlates Per KiloGroup MenuSandwich \\ TrioDesserts &#038; DrinksAlcohol Breakfast Appetizers Main Dishes Sides Plates Per Kilo Group Menu Sandwich \\ Trio Desserts &#038; Drinks Alcohol Sandwich \\ Trio sandwitch \/ Trio All trios are served with fries and a soft drink. Kafta 8.95$ \/ 13.95$ Filet mignon 11.95$ \/ 15.95$ shish taouk 8.95$ \/ [&hellip;]<\/p>","protected":false},"author":1,"featured_media":0,"parent":0,"menu_order":0,"comment_status":"closed","ping_status":"closed","template":"","meta":{"footnotes":""},"class_list":["post-1029","page","type-page","status-publish","hentry"],"yoast_head":"<!-- This site is optimized with the Yoast SEO plugin v26.7 - https:\/\/yoast.com\/wordpress\/plugins\/seo\/ -->\n<title>Armenian &amp; Lebanese Sandwiches in Laval | Chef Kebab<\/title>\n<meta name=\"description\" content=\"Fresh and fast! Visit our Lebanese restaurant for the best sandwiches. Chef Kebab is the top restaurant in Laval for authentic shish kebab and all else.\" \/>\n<meta name=\"robots\" content=\"index, follow, max-snippet:-1, max-image-preview:large, max-video-preview:-1\" \/>\n<link rel=\"canonical\" href=\"https:\/\/chefkebab.ca\/fr\/sandwiches\/\" \/>\n<meta property=\"og:locale\" content=\"fr_CA\" \/>\n<meta property=\"og:type\" content=\"article\" \/>\n<meta property=\"og:title\" content=\"Armenian &amp; Lebanese Sandwiches in Laval | Chef Kebab\" \/>\n<meta property=\"og:description\" content=\"Fresh and fast! Visit our Lebanese restaurant for the best sandwiches. Chef Kebab is the top restaurant in Laval for authentic shish kebab and all else.\" \/>\n<meta property=\"og:url\" content=\"https:\/\/chefkebab.ca\/fr\/sandwiches\/\" \/>\n<meta property=\"og:site_name\" content=\"Chefkebab\" \/>\n<meta property=\"article:publisher\" content=\"https:\/\/www.facebook.com\/restaurantchefkebab\/\" \/>\n<meta property=\"article:modified_time\" content=\"2026-01-26T17:44:40+00:00\" \/>\n<meta name=\"twitter:card\" content=\"summary_large_image\" \/>\n<meta name=\"twitter:label1\" content=\"Estimation du temps de lecture\" \/>\n\t<meta name=\"twitter:data1\" content=\"1 minute\" \/>\n<script type=\"application\/ld+json\" class=\"yoast-schema-graph\">{\"@context\":\"https:\/\/schema.org\",\"@graph\":[{\"@type\":\"WebPage\",\"@id\":\"https:\/\/chefkebab.ca\/fr\/sandwiches\/\",\"url\":\"https:\/\/chefkebab.ca\/fr\/sandwiches\/\",\"name\":\"Armenian & Lebanese Sandwiches in Laval | Chef Kebab\",\"isPartOf\":{\"@id\":\"https:\/\/chefkebab.ca\/fr\/#website\"},\"datePublished\":\"2025-11-15T06:08:42+00:00\",\"dateModified\":\"2026-01-26T17:44:40+00:00\",\"description\":\"Fresh and fast! Visit our Lebanese restaurant for the best sandwiches. Chef Kebab is the top restaurant in Laval for authentic shish kebab and all else.\",\"breadcrumb\":{\"@id\":\"https:\/\/chefkebab.ca\/fr\/sandwiches\/#breadcrumb\"},\"inLanguage\":\"fr-CA\",\"potentialAction\":[{\"@type\":\"ReadAction\",\"target\":[\"https:\/\/chefkebab.ca\/fr\/sandwiches\/\"]}]},{\"@type\":\"BreadcrumbList\",\"@id\":\"https:\/\/chefkebab.ca\/fr\/sandwiches\/#breadcrumb\",\"itemListElement\":[{\"@type\":\"ListItem\",\"position\":1,\"name\":\"Home\",\"item\":\"https:\/\/chefkebab.ca\/fr\/\"},{\"@type\":\"ListItem\",\"position\":2,\"name\":\"sandwiches\"}]},{\"@type\":\"WebSite\",\"@id\":\"https:\/\/chefkebab.ca\/fr\/#website\",\"url\":\"https:\/\/chefkebab.ca\/fr\/\",\"name\":\"Chef Kebab\",\"description\":\"\",\"publisher\":{\"@id\":\"https:\/\/chefkebab.ca\/fr\/#organization\"},\"potentialAction\":[{\"@type\":\"SearchAction\",\"target\":{\"@type\":\"EntryPoint\",\"urlTemplate\":\"https:\/\/chefkebab.ca\/fr\/?s={search_term_string}\"},\"query-input\":{\"@type\":\"PropertyValueSpecification\",\"valueRequired\":true,\"valueName\":\"search_term_string\"}}],\"inLanguage\":\"fr-CA\"},{\"@type\":\"Organization\",\"@id\":\"https:\/\/chefkebab.ca\/fr\/#organization\",\"name\":\"Chef Kebab\",\"url\":\"https:\/\/chefkebab.ca\/fr\/\",\"logo\":{\"@type\":\"ImageObject\",\"inLanguage\":\"fr-CA\",\"@id\":\"https:\/\/chefkebab.ca\/fr\/#\/schema\/logo\/image\/\",\"url\":\"https:\/\/chefkebab.ca\/wp-content\/uploads\/2024\/11\/Chef-logo.png\",\"contentUrl\":\"https:\/\/chefkebab.ca\/wp-content\/uploads\/2024\/11\/Chef-logo.png\",\"width\":732,\"height\":869,\"caption\":\"Chef Kebab\"},\"image\":{\"@id\":\"https:\/\/chefkebab.ca\/fr\/#\/schema\/logo\/image\/\"},\"sameAs\":[\"https:\/\/www.facebook.com\/restaurantchefkebab\/\",\"https:\/\/www.instagram.com\/restaurantchefkebab\"]}]}<\/script>\n<!-- \/ Yoast SEO plugin. -->","yoast_head_json":{"title":"Armenian & Lebanese Sandwiches in Laval | Chef Kebab","description":"Fresh and fast! Visit our Lebanese restaurant for the best sandwiches. Chef Kebab is the top restaurant in Laval for authentic shish kebab and all else.","robots":{"index":"index","follow":"follow","max-snippet":"max-snippet:-1","max-image-preview":"max-image-preview:large","max-video-preview":"max-video-preview:-1"},"canonical":"https:\/\/chefkebab.ca\/fr\/sandwiches\/","og_locale":"fr_CA","og_type":"article","og_title":"Armenian & Lebanese Sandwiches in Laval | Chef Kebab","og_description":"Fresh and fast! Visit our Lebanese restaurant for the best sandwiches. Chef Kebab is the top restaurant in Laval for authentic shish kebab and all else.","og_url":"https:\/\/chefkebab.ca\/fr\/sandwiches\/","og_site_name":"Chefkebab","article_publisher":"https:\/\/www.facebook.com\/restaurantchefkebab\/","article_modified_time":"2026-01-26T17:44:40+00:00","twitter_card":"summary_large_image","twitter_misc":{"Estimation du temps de lecture":"1 minute"},"schema":{"@context":"https:\/\/schema.org","@graph":[{"@type":"WebPage","@id":"https:\/\/chefkebab.ca\/fr\/sandwiches\/","url":"https:\/\/chefkebab.ca\/fr\/sandwiches\/","name":"Armenian & Lebanese Sandwiches in Laval | Chef Kebab","isPartOf":{"@id":"https:\/\/chefkebab.ca\/fr\/#website"},"datePublished":"2025-11-15T06:08:42+00:00","dateModified":"2026-01-26T17:44:40+00:00","description":"Fresh and fast! Visit our Lebanese restaurant for the best sandwiches. Chef Kebab is the top restaurant in Laval for authentic shish kebab and all else.","breadcrumb":{"@id":"https:\/\/chefkebab.ca\/fr\/sandwiches\/#breadcrumb"},"inLanguage":"fr-CA","potentialAction":[{"@type":"ReadAction","target":["https:\/\/chefkebab.ca\/fr\/sandwiches\/"]}]},{"@type":"BreadcrumbList","@id":"https:\/\/chefkebab.ca\/fr\/sandwiches\/#breadcrumb","itemListElement":[{"@type":"ListItem","position":1,"name":"Home","item":"https:\/\/chefkebab.ca\/fr\/"},{"@type":"ListItem","position":2,"name":"sandwiches"}]},{"@type":"WebSite","@id":"https:\/\/chefkebab.ca\/fr\/#website","url":"https:\/\/chefkebab.ca\/fr\/","name":"Chef Kebab","description":"","publisher":{"@id":"https:\/\/chefkebab.ca\/fr\/#organization"},"potentialAction":[{"@type":"SearchAction","target":{"@type":"EntryPoint","urlTemplate":"https:\/\/chefkebab.ca\/fr\/?s={search_term_string}"},"query-input":{"@type":"PropertyValueSpecification","valueRequired":true,"valueName":"search_term_string"}}],"inLanguage":"fr-CA"},{"@type":"Organization","@id":"https:\/\/chefkebab.ca\/fr\/#organization","name":"Chef Kebab","url":"https:\/\/chefkebab.ca\/fr\/","logo":{"@type":"ImageObject","inLanguage":"fr-CA","@id":"https:\/\/chefkebab.ca\/fr\/#\/schema\/logo\/image\/","url":"https:\/\/chefkebab.ca\/wp-content\/uploads\/2024\/11\/Chef-logo.png","contentUrl":"https:\/\/chefkebab.ca\/wp-content\/uploads\/2024\/11\/Chef-logo.png","width":732,"height":869,"caption":"Chef Kebab"},"image":{"@id":"https:\/\/chefkebab.ca\/fr\/#\/schema\/logo\/image\/"},"sameAs":["https:\/\/www.facebook.com\/restaurantchefkebab\/","https:\/\/www.instagram.com\/restaurantchefkebab"]}]}},"_links":{"self":[{"href":"https:\/\/chefkebab.ca\/fr\/wp-json\/wp\/v2\/pages\/1029","targetHints":{"allow":["GET"]}}],"collection":[{"href":"https:\/\/chefkebab.ca\/fr\/wp-json\/wp\/v2\/pages"}],"about":[{"href":"https:\/\/chefkebab.ca\/fr\/wp-json\/wp\/v2\/types\/page"}],"author":[{"embeddable":true,"href":"https:\/\/chefkebab.ca\/fr\/wp-json\/wp\/v2\/users\/1"}],"replies":[{"embeddable":true,"href":"https:\/\/chefkebab.ca\/fr\/wp-json\/wp\/v2\/comments?post=1029"}],"version-history":[{"count":31,"href":"https:\/\/chefkebab.ca\/fr\/wp-json\/wp\/v2\/pages\/1029\/revisions"}],"predecessor-version":[{"id":1493,"href":"https:\/\/chefkebab.ca\/fr\/wp-json\/wp\/v2\/pages\/1029\/revisions\/1493"}],"wp:attachment":[{"href":"https:\/\/chefkebab.ca\/fr\/wp-json\/wp\/v2\/media?parent=1029"}],"curies":[{"name":"wp","href":"https:\/\/api.w.org\/{rel}","templated":true}]}}